{"id":1158,"date":"2010-05-25T08:32:26","date_gmt":"2010-05-24T22:32:26","guid":{"rendered":"http:\/\/bronwynparry.com\/blog\/?page_id=1158"},"modified":"2015-01-07T06:27:09","modified_gmt":"2015-01-06T19:27:09","slug":"deutsche-bucher","status":"publish","type":"page","link":"https:\/\/bronwynparry.com\/blog\/books\/deutsche-bucher\/","title":{"rendered":"Deutsche B\u00fccher"},"content":{"rendered":"<h3>Schwarze Dornen<\/h3>\n<p>Schwarze Dornen is the title of the German edition of As Darkness Falls, translated by Carsten Mayer and first published by Blanvalet in May, 2010. It&#8217;s also available as an ebook. A new paperback edition, with a stunning new cover, was published in December, 2011.<\/p>\n<p><a href=\"http:\/\/bronwynparry.com\/books\/schwarze-dornen\/parry_bschwarze_dornen120x189web\/\" rel=\"attachment wp-att-1615\"><img loading=\"lazy\" decoding=\"async\" class=\"alignnone size-full wp-image-1615\" title=\"Parry_BSchwarze_Dornen120x189web\" alt=\"Schwarze Dornen by Bronwyn Parry - trade paper back cover 2010\" src=\"https:\/\/bronwynparry.com\/blog\/wp-content\/uploads\/2010\/05\/Parry_BSchwarze_Dornen120x189web.jpg\" width=\"120\" height=\"189\" \/><\/a> <a href=\"http:\/\/bronwynparry.com\/books\/schwarze-dornen\/germanadfnewmmpb120x190\/\" rel=\"attachment wp-att-1616\"><img loading=\"lazy\" decoding=\"async\" class=\"alignnone size-full wp-image-1616\" title=\"GermanADFnewmmpb120x190\" alt=\"Schwarze Dornen by Bronwyn Parry - mass market paperback cover, 2011\" src=\"https:\/\/bronwynparry.com\/blog\/wp-content\/uploads\/2010\/05\/GermanADFnewmmpb120x190.jpg\" width=\"120\" height=\"190\" \/><\/a><\/p>\n<p>The following is from the <a href=\"http:\/\/www.randomhouse.de\/book\/edition.jsp?edi=333986\">Blanvalet website<\/a>:<\/p>\n<p>In der flirrenden Hitze des Outbacks lauert das B\u00f6se &#8230;<\/p>\n<p>Die Erinnerungen an ein totes Kind und einen Lynchmord, den sie nicht verhindern konnte, verfolgen die beurlaubte Polizistin Isabelle O\u2019Connell. Doch als der smarte Detective Alec Goddard mit der Nachricht vor der T\u00fcr steht, dass in Dungirri erneut ein M\u00e4dchen verschwunden ist, hat sie keine andere Wahl, als an den Ermittlungen teilzunehmen \u2013 sie kennt die traumatisierte Stadt, ihre Bewohner und die Wildnis, die sie umgibt. F\u00fcr Isabelle ist es ein pers\u00f6nlicher Fall, und auch Alec ber\u00fchrt er direkter, als er je gedacht h\u00e4tte. Denn ihre gegenseitige Anziehung macht die beiden verletzlich f\u00fcr ihre privaten Alptr\u00e4ume \u2013 Alptr\u00e4ume, die der M\u00f6rder gnadenlos ausnutzt &#8230;<\/p>\n<p>Ausgezeichnet als bestes australisches Romantic Suspense-Deb\u00fct 2008!<\/p>\n<p><a href=\"http:\/\/www.randomhouse.de\/content\/edition\/excerpts\/56346.pdf\">Download Leseprobe.<\/a><\/p>\n<h3>Buschfeuer<\/h3>\n<p>Buschfeuer is the title of the German edition of Dark Country, also translated by Carsten Mayer. It was published by Blanvalet in April, 2013  as an ebook. More information is available in German on the <a href=\"http:\/\/www.randomhouse.de\/ebook\/Buschfeuer-Australien-Thriller\/Bronwyn-Parry\/e382378.rhd\" target=\"_blank\">Blanvalet website.<\/a><\/p>\n<p>Ein verj\u00e4hrtes Verbrechen, ein neuer Mord und eine Stadt, die zur Selbstjustiz greift \u2026<\/p>\n<div>\n<p>Seit achtzehn Jahren halten die Bewohner von Dungirri, einem kleinen Nest im australischen Outback, Morgan Gillespie f\u00fcr einen M\u00f6rder. Darum ist niemand \u00fcberrascht, als nach Gillespies unerwarteter R\u00fcckkehr eine schrecklich zugerichtete Frauenleiche im Kofferraum seines Wagens gefunden wird. Kris Matthews, die neue Polizeichefin der Stadt, ist die Einzige, die nichts von seiner dunklen Vergangenheit wei\u00df. Doch eines wei\u00df sie genau: Mit dem Mord an der Frau im Kofferraum seines Wagens hat er nichts zu tun \u2013 denn Kris selbst ist f\u00fcr die Tatnacht sein Alibi&#8230;<\/p>\n<\/div>\n<p><a href=\"http:\/\/bronwynparry.com\/books\/schwarze-dornen\/buschfeuer-von-bronwyn-parry\/\" rel=\"attachment wp-att-2116\"><img loading=\"lazy\" decoding=\"async\" class=\"alignnone size-thumbnail wp-image-2116\" title=\"Buschfeuer von Bronwyn Parry\" alt=\"Cover for Buschfeuer by Bronwyn Parry\" src=\"https:\/\/bronwynparry.com\/blog\/wp-content\/uploads\/2010\/05\/Parry_BBuschfeuer_Dungirri_02_129329-126x200.jpg\" width=\"126\" height=\"200\" srcset=\"https:\/\/bronwynparry.com\/blog\/wp-content\/uploads\/2010\/05\/Parry_BBuschfeuer_Dungirri_02_129329-126x200.jpg 126w, https:\/\/bronwynparry.com\/blog\/wp-content\/uploads\/2010\/05\/Parry_BBuschfeuer_Dungirri_02_129329-189x300.jpg 189w, https:\/\/bronwynparry.com\/blog\/wp-content\/uploads\/2010\/05\/Parry_BBuschfeuer_Dungirri_02_129329-646x1024.jpg 646w, https:\/\/bronwynparry.com\/blog\/wp-content\/uploads\/2010\/05\/Parry_BBuschfeuer_Dungirri_02_129329.jpg 1394w\" sizes=\"auto, (max-width: 126px) 100vw, 126px\" \/><\/a><\/p>\n","protected":false},"excerpt":{"rendered":"<p>Schwarze Dornen Schwarze Dornen is the title of the German edition of As Darkness Falls, translated by Carsten Mayer and first published by Blanvalet in May, 2010. It&#8217;s also available as an ebook. A new paperback edition, with a stunning &hellip; <a href=\"https:\/\/bronwynparry.com\/blog\/books\/deutsche-bucher\/\">Continue reading <span class=\"meta-nav\">&rarr;<\/span><\/a><\/p>\n","protected":false},"author":1,"featured_media":0,"parent":146,"menu_order":6,"comment_status":"closed","ping_status":"closed","template":"sidebar-page.php","meta":{"footnotes":""},"class_list":["post-1158","page","type-page","status-publish","hentry"],"_links":{"self":[{"href":"https:\/\/bronwynparry.com\/blog\/wp-json\/wp\/v2\/pages\/1158","targetHints":{"allow":["GET"]}}],"collection":[{"href":"https:\/\/bronwynparry.com\/blog\/wp-json\/wp\/v2\/pages"}],"about":[{"href":"https:\/\/bronwynparry.com\/blog\/wp-json\/wp\/v2\/types\/page"}],"author":[{"embeddable":true,"href":"https:\/\/bronwynparry.com\/blog\/wp-json\/wp\/v2\/users\/1"}],"replies":[{"embeddable":true,"href":"https:\/\/bronwynparry.com\/blog\/wp-json\/wp\/v2\/comments?post=1158"}],"version-history":[{"count":23,"href":"https:\/\/bronwynparry.com\/blog\/wp-json\/wp\/v2\/pages\/1158\/revisions"}],"predecessor-version":[{"id":2839,"href":"https:\/\/bronwynparry.com\/blog\/wp-json\/wp\/v2\/pages\/1158\/revisions\/2839"}],"up":[{"embeddable":true,"href":"https:\/\/bronwynparry.com\/blog\/wp-json\/wp\/v2\/pages\/146"}],"wp:attachment":[{"href":"https:\/\/bronwynparry.com\/blog\/wp-json\/wp\/v2\/media?parent=1158"}],"curies":[{"name":"wp","href":"https:\/\/api.w.org\/{rel}","templated":true}]}}